{"id":1432,"date":"2018-05-22T13:34:59","date_gmt":"2018-05-22T19:34:59","guid":{"rendered":"http:\/\/srfacturas.com\/sitiosdemo\/rise.mx\/?page_id=1432"},"modified":"2018-06-07T20:08:17","modified_gmt":"2018-06-08T01:08:17","slug":"administracion-de-condominios","status":"publish","type":"page","link":"https:\/\/rise.mx\/siterisew.mx\/administracion-de-condominios\/","title":{"rendered":"ADMINISTRACION DE CONDOMINIOS"},"content":{"rendered":"<h3 style=\"text-align: left;\">PLAZAS COMERCIALES<\/h3>\n<hr \/>\n<p>\u00a0<img decoding=\"async\" style=\"border: none;\" src=\"http:\/\/srfacturas.com\/sitiosdemo\/rise.mx\/wp-content\/plugins\/advanced-wp-columns\/assets\/js\/plugins\/views\/img\/1x1-pixel.png\" \/><\/p>\n<p><strong>ADMINISTRACI\u00d3N:<\/strong><\/p>\n<p>Facturaci\u00f3n<br \/>Selecci\u00f3n y pago a proveedores<br \/>Atenci\u00f3n a propietarios y locatarios<br \/>Supervisi\u00f3n de Limpieza<br \/>Supervisi\u00f3n de Vigilancia<br \/>Juntas de Condominio<\/p>\n<p><strong>FINANZAS:<\/strong><\/p>\n<p>Labor de cobranza<br \/>Registro de cuotas<br \/>Control de Ingresos y Egresos<br \/>Manejo de cuenta bancaria<br \/>Estados financieros<\/p>\n<p><strong>MANTENIMIENTO:<\/strong><\/p>\n<p>\u00c1reas comunes del inmueble<br \/>Jardiner\u00eda<br \/>Planes de trabajo del personal<\/p>\n<p><img decoding=\"async\" style=\"border: none;\" src=\"http:\/\/srfacturas.com\/sitiosdemo\/rise.mx\/wp-content\/plugins\/advanced-wp-columns\/assets\/js\/plugins\/views\/img\/1x1-pixel.png\" \/><\/p>\n<p><strong>GESTI\u00d3N LEGAL<\/strong><\/p>\n<p>Brindamos asesor\u00eda personalizada para ofrecerle el mejor apoyo y servicio con profesionales 100%<br \/>capacitados:<\/p>\n<ul>\n<li>Desarrollo de contratos<\/li>\n<li>Elaboraci\u00f3n de contratos comerciales y de arrendamiento<\/li>\n<li>Elaboraci\u00f3n de contratos de prestaciones de servicios<\/li>\n<li>Desarrollamos un contrato con las caracter\u00edsticas de acuerdo a sus necesidades<\/li>\n<li>Control de expedientes<\/li>\n<li>Convocatoria y desarrollo de asambleas ordinarias y extraordinarias<\/li>\n<li>Investigaci\u00f3n de tenants (*)<\/li>\n<li>Cobranza extrajudicial (*)<\/li>\n<li>Asesor\u00eda Jur\u00eddica<\/li>\n<\/ul>\n<p><em>(*) Servicios con costo adicional<\/em><\/p>\n<p><img decoding=\"async\" style=\"border: none;\" src=\"http:\/\/srfacturas.com\/sitiosdemo\/rise.mx\/wp-content\/plugins\/advanced-wp-columns\/assets\/js\/plugins\/views\/img\/1x1-pixel.png\" \/>\u00a0<\/p>\n<h3 style=\"text-align: left;\">FRACCIONAMIENTOS RESIDENCIALES Y DEPARTAMENTOS<\/h3>\n<hr \/>\n<p><img decoding=\"async\" style=\"border: none;\" src=\"http:\/\/srfacturas.com\/sitiosdemo\/rise.mx\/wp-content\/plugins\/advanced-wp-columns\/assets\/js\/plugins\/views\/img\/1x1-pixel.png\" \/><\/p>\n<p><strong>ADMINISTRACI\u00d3N:<\/strong><\/p>\n<p>Facturaci\u00f3n<br \/>Activaci\u00f3n y desactivaci\u00f3n de accesos<br \/>Selecci\u00f3n y pago a proveedores<br \/>Atenci\u00f3n y comunicaci\u00f3n con residentes<br \/>Supervisi\u00f3n de Vigilancia<br \/>Juntas con Mesa Directiva<\/p>\n<p><strong>FINANZAS:<\/strong><br \/>Labor de cobranza<br \/>Registro de cuotas<br \/>Control de Ingresos y Egresos<br \/>Manejo de cuenta bancaria<br \/>Estados financieros<\/p>\n<p><strong>MANTENIMIENTO:<\/strong><br \/>Instalaciones de \u00e1reas comunes<br \/>Jardines y parques del fraccionamiento<br \/>o departamento<br \/>Planes de trabajo del personal<\/p>\n<p><img decoding=\"async\" style=\"border: none;\" src=\"http:\/\/srfacturas.com\/sitiosdemo\/rise.mx\/wp-content\/plugins\/advanced-wp-columns\/assets\/js\/plugins\/views\/img\/1x1-pixel.png\" \/><\/p>\n<p><strong>GESTI\u00d3N LEGAL<\/strong><\/p>\n<p>Brindamos asesor\u00eda personalizada para ofrecerle el mejor apoyo y servicio con profesionales 100%<br \/>capacitados.<\/p>\n<ul>\n<li>Desarrollo de contratos<\/li>\n<li>Elaboraci\u00f3n de contratos comerciales y de arrendamiento<\/li>\n<li>\u00a0Elaboraci\u00f3n de contratos de prestaciones de servicios<\/li>\n<li>Desarrollamos un contrato con las caracter\u00edsticas de acuerdo a sus necesidades<\/li>\n<li>Control de expedientes<\/li>\n<li>Convocatoria y desarrollo de asambleas ordinarias y extraordinarias<\/li>\n<li>Cobranza extrajudicial (*)<\/li>\n<li>Asesor\u00eda Jur\u00eddica<\/li>\n<\/ul>\n<p><em>(*) Servicios con costo adicional<\/em><\/p>\n<p>\t\t\t<a href=\"http:\/\/rise.mx\/siterisew.mx\/#contact\" role=\"button\"><br \/>\n\t\t\t\t\t\tCotizar<br \/>\n\t\t\t\t\t<\/a><\/p>\n","protected":false},"excerpt":{"rendered":"<p>PLAZAS COMERCIALES \u00a0 ADMINISTRACI\u00d3N: Facturaci\u00f3nSelecci\u00f3n y pago a proveedoresAtenci\u00f3n a propietarios y locatariosSupervisi\u00f3n de LimpiezaSupervisi\u00f3n de VigilanciaJuntas de Condominio FINANZAS: Labor de cobranzaRegistro de cuotasControl de Ingresos y EgresosManejo de &#8230;<\/p>\n","protected":false},"author":1,"featured_media":0,"parent":0,"menu_order":0,"comment_status":"closed","ping_status":"closed","template":"template-fullwidth.php","meta":{"footnotes":""},"class_list":["post-1432","page","type-page","status-publish","hentry"],"_links":{"self":[{"href":"https:\/\/rise.mx\/siterisew.mx\/wp-json\/wp\/v2\/pages\/1432","targetHints":{"allow":["GET"]}}],"collection":[{"href":"https:\/\/rise.mx\/siterisew.mx\/wp-json\/wp\/v2\/pages"}],"about":[{"href":"https:\/\/rise.mx\/siterisew.mx\/wp-json\/wp\/v2\/types\/page"}],"author":[{"embeddable":true,"href":"https:\/\/rise.mx\/siterisew.mx\/wp-json\/wp\/v2\/users\/1"}],"replies":[{"embeddable":true,"href":"https:\/\/rise.mx\/siterisew.mx\/wp-json\/wp\/v2\/comments?post=1432"}],"version-history":[{"count":12,"href":"https:\/\/rise.mx\/siterisew.mx\/wp-json\/wp\/v2\/pages\/1432\/revisions"}],"predecessor-version":[{"id":1641,"href":"https:\/\/rise.mx\/siterisew.mx\/wp-json\/wp\/v2\/pages\/1432\/revisions\/1641"}],"wp:attachment":[{"href":"https:\/\/rise.mx\/siterisew.mx\/wp-json\/wp\/v2\/media?parent=1432"}],"curies":[{"name":"wp","href":"https:\/\/api.w.org\/{rel}","templated":true}]}}